{"id":129,"date":"2026-02-23T15:33:56","date_gmt":"2026-02-23T14:33:56","guid":{"rendered":"https:\/\/nl-psicologia.com\/?page_id=129"},"modified":"2026-03-11T15:53:42","modified_gmt":"2026-03-11T14:53:42","slug":"equipo","status":"publish","type":"page","link":"https:\/\/nl-psicologia.com\/index.php\/equipo\/","title":{"rendered":"Equipo"},"content":{"rendered":"\n<figure class=\"wp-block-image aligncenter size-large is-resized\"><img loading=\"lazy\" decoding=\"async\" width=\"1024\" height=\"796\" src=\"https:\/\/nl-psicologia.com\/wp-content\/uploads\/2026\/02\/LOGO-OFICIAL-1-1-1024x796.png\" alt=\"\" class=\"wp-image-167\" style=\"aspect-ratio:1.2880632761084387;width:355px;height:auto\" srcset=\"https:\/\/nl-psicologia.com\/wp-content\/uploads\/2026\/02\/LOGO-OFICIAL-1-1-1024x796.png 1024w, https:\/\/nl-psicologia.com\/wp-content\/uploads\/2026\/02\/LOGO-OFICIAL-1-1-300x233.png 300w, https:\/\/nl-psicologia.com\/wp-content\/uploads\/2026\/02\/LOGO-OFICIAL-1-1-768x597.png 768w, https:\/\/nl-psicologia.com\/wp-content\/uploads\/2026\/02\/LOGO-OFICIAL-1-1.png 1280w\" sizes=\"auto, (max-width: 1024px) 100vw, 1024px\" \/><\/figure>\n\n\n\n<style>\n.equipo-container{\n  display:flex;\n  justify-content:center;\n  gap:60px;\n  flex-wrap:wrap;\n  margin-top:60px;\n}\n\n.psicologa{\n  width:320px;\n  text-align:center;\n  font-family:inherit;\n}\n\n.psicologa img{\n  width:260px;\n  height:340px;\n  object-fit:cover;\n  border-radius:10px;\n  margin-bottom:15px;\n}\n\n.psicologa h3{\n  margin-bottom:6px;\n  font-size:22px;\n}\n\n.psicologa p{\n  margin:6px 0;\n}\n\n.psicologa a{\n  text-decoration:none;\n  color:inherit; \/* Mantiene el color del texto por defecto *\/\n  transition: color 0.3s; \/* Transici\u00f3n suave al cambiar color *\/\n}\n\n.psicologa a:hover{\n  color:#00bfff; \/* Azul celeste *\/\n}\n<\/style>\n\n<p style=\"text-align:center; max-width:800px; margin:auto; margin-bottom:40px;\">\nDesde NL Psicolog\u00eda creemos en una psicolog\u00eda basada en la evidencia, pero tambi\u00e9n en la humanidad, en la cercan\u00eda y en el v\u00ednculo terap\u00e9utico como motor del cambio.\n<\/p>\n\n<div class=\"equipo-container\">\n\n  <div class=\"psicologa\">\n\n    <a href=\"https:\/\/nl-psicologia.com\/index.php\/noelia-giron-moya-2\/\">\n      <img decoding=\"async\" src=\"https:\/\/nl-psicologia.com\/wp-content\/uploads\/2026\/02\/IMG_1230-1-scaled.jpeg\">\n    <\/a>\n\n    <h3>\n      <a href=\"https:\/\/nl-psicologia.com\/index.php\/noelia-giron-moya-2\/\">\n        Noelia Gir\u00f3n Moya\n      <\/a>\n    <\/h3>\n\n  <p>\n  Psic\u00f3loga general sanitaria<br>\n  Colegiada CM03205\n<\/p>\n\n    <p>\n      Tel\u00e9fono: \n      <a href=\"tel:+34667483978\">667 483 978<\/a>\n    <\/p>\n\n    <p>\n      Correo: \n      <a href=\"mailto:noelia.giron@nl-psicologia.com\">noelia.giron@nl-psicologia.com<\/a>\n    <\/p>\n\n  <\/div>\n\n  <div class=\"psicologa\">\n\n    <a href=\"https:\/\/nl-psicologia.com\/index.php\/lucia-toledo-saiz\/\">\n      <img decoding=\"async\" src=\"https:\/\/nl-psicologia.com\/wp-content\/uploads\/2026\/02\/IMG_1253-1-768x1024.jpeg\">\n    <\/a>\n\n    <h3>\n      <a href=\"https:\/\/nl-psicologia.com\/index.php\/lucia-toledo-saiz\/\">\n        Luc\u00eda Toledo Saiz\n      <\/a>\n    <\/h3>\n\n   <p>\n  Psic\u00f3loga general sanitaria<br>\n  Colegiada CM03417\n<\/p>\n\n    <p>\n      Tel\u00e9fono: \n      <a href=\"tel:+34623943517\">623 943 517<\/a>\n    <\/p>\n\n    <p>\n      Correo: \n      <a href=\"mailto:lucia.toledo@nl-psicologia.com\">lucia.toledo@nl-psicologia.com<\/a>\n    <\/p>\n\n  <\/div>\n\n<\/div>\n","protected":false},"excerpt":{"rendered":"<p>Desde NL Psicolog\u00eda creemos en una psicolog\u00eda basada en la evidencia, pero tambi\u00e9n en la humanidad, en la cercan\u00eda y en el v\u00ednculo terap\u00e9utico como motor del cambio. Noelia Gir\u00f3n Moya Psic\u00f3loga general sanitaria Colegiada CM03205 Tel\u00e9fono: 667 483 978 Correo: noelia.giron@nl-psicologia.com Luc\u00eda Toledo Saiz Psic\u00f3loga general sanitaria Colegiada CM03417 Tel\u00e9fono: 623 943 517 Correo: [&hellip;]<\/p>\n","protected":false},"author":2,"featured_media":0,"parent":0,"menu_order":0,"comment_status":"closed","ping_status":"closed","template":"","meta":{"footnotes":""},"class_list":["post-129","page","type-page","status-publish","hentry"],"_links":{"self":[{"href":"https:\/\/nl-psicologia.com\/index.php\/wp-json\/wp\/v2\/pages\/129","targetHints":{"allow":["GET"]}}],"collection":[{"href":"https:\/\/nl-psicologia.com\/index.php\/wp-json\/wp\/v2\/pages"}],"about":[{"href":"https:\/\/nl-psicologia.com\/index.php\/wp-json\/wp\/v2\/types\/page"}],"author":[{"embeddable":true,"href":"https:\/\/nl-psicologia.com\/index.php\/wp-json\/wp\/v2\/users\/2"}],"replies":[{"embeddable":true,"href":"https:\/\/nl-psicologia.com\/index.php\/wp-json\/wp\/v2\/comments?post=129"}],"version-history":[{"count":4,"href":"https:\/\/nl-psicologia.com\/index.php\/wp-json\/wp\/v2\/pages\/129\/revisions"}],"predecessor-version":[{"id":419,"href":"https:\/\/nl-psicologia.com\/index.php\/wp-json\/wp\/v2\/pages\/129\/revisions\/419"}],"wp:attachment":[{"href":"https:\/\/nl-psicologia.com\/index.php\/wp-json\/wp\/v2\/media?parent=129"}],"curies":[{"name":"wp","href":"https:\/\/api.w.org\/{rel}","templated":true}]}}