{"id":29,"date":"2026-02-18T19:47:10","date_gmt":"2026-02-18T18:47:10","guid":{"rendered":"https:\/\/nl-psicologia.com\/?page_id=29"},"modified":"2026-03-07T18:43:11","modified_gmt":"2026-03-07T17:43:11","slug":"contacto","status":"publish","type":"page","link":"https:\/\/nl-psicologia.com\/index.php\/contacto\/","title":{"rendered":"Contacto"},"content":{"rendered":"\n<p><\/p>\n\n\n\n<p class=\"has-text-align-center has-xxx-large-font-size\"><strong>Contacto<\/strong><\/p>\n\n\n\n<p class=\"has-text-align-center has-medium-font-size\">Rellena este formulario y nos pondremos en contacto contigo lo antes posible. Tambi\u00e9n puedes escribirnos un email o llamarnos directamente.<\/p>\n\n\n\n<div class=\"wp-block-group is-content-justification-center is-nowrap is-layout-flex wp-container-core-group-is-layout-23441af8 wp-block-group-is-layout-flex\">\n<div class=\"wpcf7 no-js\" id=\"wpcf7-f28-o1\" lang=\"en-US\" dir=\"ltr\" data-wpcf7-id=\"28\">\n<div class=\"screen-reader-response\"><p role=\"status\" aria-live=\"polite\" aria-atomic=\"true\"><\/p> <ul><\/ul><\/div>\n<form action=\"\/index.php\/wp-json\/wp\/v2\/pages\/29#wpcf7-f28-o1\" method=\"post\" class=\"wpcf7-form init\" aria-label=\"Contact form\" novalidate=\"novalidate\" data-status=\"init\">\n<fieldset class=\"hidden-fields-container\"><input type=\"hidden\" name=\"_wpcf7\" value=\"28\" \/><input type=\"hidden\" name=\"_wpcf7_version\" value=\"6.1.5\" \/><input type=\"hidden\" name=\"_wpcf7_locale\" value=\"en_US\" \/><input type=\"hidden\" name=\"_wpcf7_unit_tag\" value=\"wpcf7-f28-o1\" \/><input type=\"hidden\" name=\"_wpcf7_container_post\" value=\"0\" \/><input type=\"hidden\" name=\"_wpcf7_posted_data_hash\" value=\"\" \/>\n<\/fieldset>\n<div class=\"form-row\">\n\t<div class=\"form-col\">\n\t\t<p><label>Nombre<br \/>\n<span class=\"wpcf7-form-control-wrap\" data-name=\"your-name\"><input size=\"40\" maxlength=\"400\" class=\"wpcf7-form-control wpcf7-text wpcf7-validates-as-required\" autocomplete=\"name\" aria-required=\"true\" aria-invalid=\"false\" value=\"\" type=\"text\" name=\"your-name\" \/><\/span><br \/>\n<\/label>\n\t\t<\/p>\n\t<\/div>\n\t<div class=\"form-col\">\n\t\t<p><label>Email<br \/>\n<span class=\"wpcf7-form-control-wrap\" data-name=\"your-email\"><input size=\"40\" maxlength=\"400\" class=\"wpcf7-form-control wpcf7-email wpcf7-validates-as-required wpcf7-text wpcf7-validates-as-email\" autocomplete=\"email\" aria-required=\"true\" aria-invalid=\"false\" value=\"\" type=\"email\" name=\"your-email\" \/><\/span><br \/>\n<\/label>\n\t\t<\/p>\n\t<\/div>\n<\/div>\n<p><label>Tel\u00e9fono (opcional)<br \/>\n<span class=\"wpcf7-form-control-wrap\" data-name=\"tel-534\"><input size=\"40\" maxlength=\"400\" class=\"wpcf7-form-control wpcf7-tel wpcf7-text wpcf7-validates-as-tel\" aria-invalid=\"false\" value=\"\" type=\"tel\" name=\"tel-534\" \/><\/span><br \/>\n<\/label>\n<\/p>\n<p>Tipo de terapia\n<\/p>\n<p><span class=\"wpcf7-form-control-wrap\" data-name=\"tipo-terapia\"><span class=\"wpcf7-form-control wpcf7-radio\"><span class=\"wpcf7-list-item first\"><label><input type=\"radio\" name=\"tipo-terapia\" value=\"Online\" \/><span class=\"wpcf7-list-item-label\">Online<\/span><\/label><\/span><span class=\"wpcf7-list-item last\"><label><input type=\"radio\" name=\"tipo-terapia\" value=\"Presencial\" \/><span class=\"wpcf7-list-item-label\">Presencial<\/span><\/label><\/span><\/span><\/span>\n<\/p>\n<p>Horario preferente\n<\/p>\n<p><span class=\"wpcf7-form-control-wrap\" data-name=\"horario\"><span class=\"wpcf7-form-control wpcf7-radio\"><span class=\"wpcf7-list-item first\"><label><input type=\"radio\" name=\"horario\" value=\"Ma\u00f1ana\" \/><span class=\"wpcf7-list-item-label\">Ma\u00f1ana<\/span><\/label><\/span><span class=\"wpcf7-list-item\"><label><input type=\"radio\" name=\"horario\" value=\"Tarde\" \/><span class=\"wpcf7-list-item-label\">Tarde<\/span><\/label><\/span><span class=\"wpcf7-list-item last\"><label><input type=\"radio\" name=\"horario\" value=\"Indiferente\" \/><span class=\"wpcf7-list-item-label\">Indiferente<\/span><\/label><\/span><\/span><\/span>\n<\/p>\n<p><label>Mensaje<br \/>\n<span class=\"wpcf7-form-control-wrap\" data-name=\"your-message\"><textarea cols=\"40\" rows=\"5\" maxlength=\"2000\" class=\"wpcf7-form-control wpcf7-textarea\" aria-invalid=\"false\" name=\"your-message\"><\/textarea><\/span><br \/>\n<\/label>\n<\/p>\n<p><span class=\"wpcf7-form-control-wrap\" data-name=\"privacidad\"><span class=\"wpcf7-form-control wpcf7-acceptance\"><span class=\"wpcf7-list-item\"><input type=\"checkbox\" name=\"privacidad\" value=\"1\" aria-invalid=\"false\" \/><\/span><\/span><\/span> He le\u00eddo y acepto la <a href=\"https:\/\/nl-psicologia.com\/index.php\/politica-de-privacidad\/\" target=\"_blank\">Pol\u00edtica de Privacidad<\/a>.\n<\/p>\n<p><input class=\"wpcf7-form-control wpcf7-submit has-spinner\" type=\"submit\" value=\"Enviar mensaje\" \/>\n<\/p><div class=\"wpcf7-response-output\" aria-hidden=\"true\"><\/div>\n<\/form>\n<\/div>\n\n\n\n\n<div class=\"wp-block-group has-global-padding is-content-justification-right is-layout-constrained wp-container-core-group-is-layout-f1f2ed93 wp-block-group-is-layout-constrained\">\n<figure class=\"wp-block-image alignright size-large is-resized has-custom-border\"><img loading=\"lazy\" decoding=\"async\" width=\"888\" height=\"672\" src=\"https:\/\/nl-psicologia.com\/wp-content\/uploads\/2026\/02\/Captura-de-Pantalla-2026-02-27-a-las-10.30.01-4.png\" alt=\"\" class=\"wp-image-275\" style=\"border-style:none;border-width:0px;border-top-left-radius:13px;border-top-right-radius:13px;border-bottom-left-radius:13px;border-bottom-right-radius:13px;aspect-ratio:1.3214739517153749;width:456px;height:auto\" srcset=\"https:\/\/nl-psicologia.com\/wp-content\/uploads\/2026\/02\/Captura-de-Pantalla-2026-02-27-a-las-10.30.01-4.png 888w, https:\/\/nl-psicologia.com\/wp-content\/uploads\/2026\/02\/Captura-de-Pantalla-2026-02-27-a-las-10.30.01-4-300x227.png 300w, https:\/\/nl-psicologia.com\/wp-content\/uploads\/2026\/02\/Captura-de-Pantalla-2026-02-27-a-las-10.30.01-4-768x581.png 768w\" sizes=\"auto, (max-width: 888px) 100vw, 888px\" \/><\/figure>\n<\/div>\n<\/div>\n\n\n\n<p class=\"has-xx-large-font-size\"><strong>Tu centro de psicolog\u00eda en el centro de Albacete<\/strong><\/p>\n\n\n<div style=\"width:100%; max-width:1000px; margin:auto;\">\n<iframe \nsrc=\"https:\/\/www.google.com\/maps?q=Calle+Rosario+6+Albacete&#038;output=embed\"\nwidth=\"100%\" \nheight=\"450\" \nstyle=\"border:0;\" \nloading=\"lazy\">\n<\/iframe>\n<\/div>\n\n\n<p class=\"has-text-align-center\">Informaci\u00f3n de inter\u00e9s sobre NL Psicolog\u00eda<br>C\/ Rosario, 6, 4\u00aa Planta, Puerta 3, (02001) Albacete<\/p>\n\n\n\n<p class=\"has-text-align-center\"><a href=\"mailto:info@nl-psicologia.com\">info@nl-psicologia.com<\/a><br>Luc\u00eda: <a href=\"tel:623943517\">623 943 517<\/a> &#8211; <a href=\"mailto:lucia.toledo@nl-psicologia.com\">lucia.toledo@nl-psicologia.com<\/a><br>Noelia: <a href=\"tel:667483978\">667 483 978<\/a> &#8211; <a href=\"mailto:noelia.giron@nl-psicologia.com\">noelia.giron@nl-psicologia.com<\/a><br>Lunes a viernes de 9:30 a 19:00<\/p>\n\n\n\n<p class=\"has-text-align-center\"><br><\/p>\n","protected":false},"excerpt":{"rendered":"<p>Contacto Rellena este formulario y nos pondremos en contacto contigo lo antes posible. Tambi\u00e9n puedes escribirnos un email o llamarnos directamente. Tu centro de psicolog\u00eda en el centro de Albacete Informaci\u00f3n de inter\u00e9s sobre NL Psicolog\u00edaC\/ Rosario, 6, 4\u00aa Planta, Puerta 3, (02001) Albacete info@nl-psicologia.comLuc\u00eda: 623 943 517 &#8211; lucia.toledo@nl-psicologia.comNoelia: 667 483 978 &#8211; noelia.giron@nl-psicologia.comLunes [&hellip;]<\/p>\n","protected":false},"author":1,"featured_media":0,"parent":0,"menu_order":0,"comment_status":"closed","ping_status":"closed","template":"","meta":{"footnotes":""},"class_list":["post-29","page","type-page","status-publish","hentry"],"_links":{"self":[{"href":"https:\/\/nl-psicologia.com\/index.php\/wp-json\/wp\/v2\/pages\/29","targetHints":{"allow":["GET"]}}],"collection":[{"href":"https:\/\/nl-psicologia.com\/index.php\/wp-json\/wp\/v2\/pages"}],"about":[{"href":"https:\/\/nl-psicologia.com\/index.php\/wp-json\/wp\/v2\/types\/page"}],"author":[{"embeddable":true,"href":"https:\/\/nl-psicologia.com\/index.php\/wp-json\/wp\/v2\/users\/1"}],"replies":[{"embeddable":true,"href":"https:\/\/nl-psicologia.com\/index.php\/wp-json\/wp\/v2\/comments?post=29"}],"version-history":[{"count":8,"href":"https:\/\/nl-psicologia.com\/index.php\/wp-json\/wp\/v2\/pages\/29\/revisions"}],"predecessor-version":[{"id":396,"href":"https:\/\/nl-psicologia.com\/index.php\/wp-json\/wp\/v2\/pages\/29\/revisions\/396"}],"wp:attachment":[{"href":"https:\/\/nl-psicologia.com\/index.php\/wp-json\/wp\/v2\/media?parent=29"}],"curies":[{"name":"wp","href":"https:\/\/api.w.org\/{rel}","templated":true}]}}