{"id":381,"date":"2026-03-06T13:54:12","date_gmt":"2026-03-06T12:54:12","guid":{"rendered":"https:\/\/nl-psicologia.com\/?page_id=381"},"modified":"2026-03-06T13:54:12","modified_gmt":"2026-03-06T12:54:12","slug":"politica-de-cookies","status":"publish","type":"page","link":"https:\/\/nl-psicologia.com\/index.php\/politica-de-cookies\/","title":{"rendered":"Pol\u00edtica de cookies"},"content":{"rendered":"\n<p><\/p>\n\n\n\n<h1 class=\"wp-block-heading has-xxx-large-font-size\">Pol\u00edtica de Cookies \u2013 NL Psicolog\u00eda<\/h1>\n\n\n\n<h2 class=\"wp-block-heading has-xx-large-font-size\">1. Qu\u00e9 son las cookies<\/h2>\n\n\n\n<p>Las cookies son peque\u00f1os archivos de texto que se almacenan en tu dispositivo cuando visitas una p\u00e1gina web. Su funci\u00f3n principal es <strong>mejorar la experiencia de navegaci\u00f3n<\/strong>, recordar tus preferencias y ayudarnos a analizar c\u00f3mo se utiliza la web.<\/p>\n\n\n\n<h2 class=\"wp-block-heading has-xx-large-font-size\">2. Tipos de cookies que usamos<\/h2>\n\n\n\n<p>En NL Psicolog\u00eda utilizamos los siguientes tipos de cookies:<\/p>\n\n\n\n<p><strong>Cookies t\u00e9cnicas:<\/strong><br>Son necesarias para el funcionamiento de la web y permiten la navegaci\u00f3n entre las diferentes secciones y el correcto uso de nuestros servicios.<\/p>\n\n\n\n<p><strong>Cookies de an\u00e1lisis:<\/strong><br>Nos ayudan a conocer c\u00f3mo los usuarios interact\u00faan con la web y a mejorar su funcionamiento. Por ejemplo, usamos herramientas como Google Analytics de forma <strong>anonimizada<\/strong> para medir visitas y estad\u00edsticas.<\/p>\n\n\n\n<p><strong>Cookies de terceros:<\/strong><br>Algunas funcionalidades, como Google Maps, pueden requerir cookies de servicios externos. Estas cookies est\u00e1n controladas por los proveedores de dichos servicios.<\/p>\n\n\n\n<h2 class=\"wp-block-heading has-xx-large-font-size\">3. Consentimiento y gesti\u00f3n de cookies<\/h2>\n\n\n\n<p>Al entrar en nuestro sitio web, ver\u00e1s un <strong>banner de cookies<\/strong> donde puedes:<\/p>\n\n\n\n<ul class=\"wp-block-list\">\n<li>Aceptar todas las cookies<\/li>\n\n\n\n<li>Configurar tus preferencias<\/li>\n\n\n\n<li>Rechazar las cookies no esenciales<\/li>\n<\/ul>\n\n\n\n<p>La casilla de aceptaci\u00f3n debe ser marcada por ti; <strong>no est\u00e1 seleccionada por defecto<\/strong>.<\/p>\n\n\n\n<h2 class=\"wp-block-heading has-xx-large-font-size\">4. C\u00f3mo desactivar o eliminar cookies<\/h2>\n\n\n\n<p>Si quieres, puedes gestionar las cookies directamente desde tu navegador. Los pasos var\u00edan seg\u00fan el navegador que uses:<\/p>\n\n\n\n<ul class=\"wp-block-list\">\n<li><strong>Google Chrome:<\/strong> Configuraci\u00f3n \u2192 Privacidad y seguridad \u2192 Cookies<\/li>\n\n\n\n<li><strong>Mozilla Firefox:<\/strong> Opciones \u2192 Privacidad y seguridad \u2192 Cookies y datos del sitio<\/li>\n\n\n\n<li><strong>Microsoft Edge:<\/strong> Configuraci\u00f3n \u2192 Cookies y permisos del sitio<\/li>\n\n\n\n<li><strong>Safari (Mac):<\/strong> Preferencias \u2192 Privacidad \u2192 Cookies y datos de sitios web<\/li>\n<\/ul>\n\n\n\n<p>Ten en cuenta que, si desactivas algunas cookies, es posible que algunas funciones de la web no funcionen correctamente.<\/p>\n\n\n\n<h2 class=\"wp-block-heading has-xx-large-font-size\">5. M\u00e1s informaci\u00f3n<\/h2>\n\n\n\n<p>Para m\u00e1s detalles sobre c\u00f3mo utilizamos tus datos y c\u00f3mo los protegemos, consulta nuestra <a href=\"https:\/\/nl-psicologia.com\/index.php\/politica-de-privacidad\/\" data-type=\"page\" data-id=\"370\">Pol\u00edtica de privacidad<\/a>, disponible en esta web.<\/p>\n\n\n\n<p><\/p>\n","protected":false},"excerpt":{"rendered":"<p>Pol\u00edtica de Cookies \u2013 NL Psicolog\u00eda 1. Qu\u00e9 son las cookies Las cookies son peque\u00f1os archivos de texto que se almacenan en tu dispositivo cuando visitas una p\u00e1gina web. Su funci\u00f3n principal es mejorar la experiencia de navegaci\u00f3n, recordar tus preferencias y ayudarnos a analizar c\u00f3mo se utiliza la web. 2. Tipos de cookies que [&hellip;]<\/p>\n","protected":false},"author":2,"featured_media":0,"parent":0,"menu_order":0,"comment_status":"closed","ping_status":"closed","template":"","meta":{"footnotes":""},"class_list":["post-381","page","type-page","status-publish","hentry"],"_links":{"self":[{"href":"https:\/\/nl-psicologia.com\/index.php\/wp-json\/wp\/v2\/pages\/381","targetHints":{"allow":["GET"]}}],"collection":[{"href":"https:\/\/nl-psicologia.com\/index.php\/wp-json\/wp\/v2\/pages"}],"about":[{"href":"https:\/\/nl-psicologia.com\/index.php\/wp-json\/wp\/v2\/types\/page"}],"author":[{"embeddable":true,"href":"https:\/\/nl-psicologia.com\/index.php\/wp-json\/wp\/v2\/users\/2"}],"replies":[{"embeddable":true,"href":"https:\/\/nl-psicologia.com\/index.php\/wp-json\/wp\/v2\/comments?post=381"}],"version-history":[{"count":1,"href":"https:\/\/nl-psicologia.com\/index.php\/wp-json\/wp\/v2\/pages\/381\/revisions"}],"predecessor-version":[{"id":382,"href":"https:\/\/nl-psicologia.com\/index.php\/wp-json\/wp\/v2\/pages\/381\/revisions\/382"}],"wp:attachment":[{"href":"https:\/\/nl-psicologia.com\/index.php\/wp-json\/wp\/v2\/media?parent=381"}],"curies":[{"name":"wp","href":"https:\/\/api.w.org\/{rel}","templated":true}]}}