{"id":42,"date":"2026-02-22T23:10:41","date_gmt":"2026-02-22T22:10:41","guid":{"rendered":"https:\/\/nl-psicologia.com\/?page_id=42"},"modified":"2026-03-12T20:48:50","modified_gmt":"2026-03-12T19:48:50","slug":"lucia-toledo-saiz","status":"publish","type":"page","link":"https:\/\/nl-psicologia.com\/index.php\/lucia-toledo-saiz\/","title":{"rendered":"Luc\u00eda Toledo Saiz"},"content":{"rendered":"\n<p class=\"has-xx-large-font-size\"><\/p>\n\n\n\n<p><\/p>\n\n\n\n<p class=\"has-text-align-center has-body-color has-text-color has-link-color has-xxx-large-font-size wp-elements-96901e2b1b944f3dbcca2823a1a6c90f\"><strong>Luc\u00eda Toledo Saiz<\/strong><\/p>\n\n\n\n<p class=\"has-text-align-center has-large-font-size\">Psic\u00f3loga General Sanitaria &#8211; Colegiada CM03417<\/p>\n\n\n\n<p class=\"has-text-align-center has-large-font-size\">Tel\u00e9fono: <a href=\"tel:623943517\">623 943 517<\/a> &#8211; Correo: <a href=\"mailto:lucia.toledo@nl-psicologia.com\">lucia.toledo@nl-psicologia.com<\/a><\/p>\n\n\n\n<figure class=\"wp-block-image aligncenter size-full is-resized\"><a href=\"http:\/\/www.linkedin.com\/in\/luc\u00eda-toledo-saiz-834827194\"><img loading=\"lazy\" decoding=\"async\" width=\"512\" height=\"512\" src=\"https:\/\/nl-psicologia.com\/wp-content\/uploads\/2026\/02\/image-24.png\" alt=\"\" class=\"wp-image-290\" style=\"width:43px;height:auto\" srcset=\"https:\/\/nl-psicologia.com\/wp-content\/uploads\/2026\/02\/image-24.png 512w, https:\/\/nl-psicologia.com\/wp-content\/uploads\/2026\/02\/image-24-300x300.png 300w, https:\/\/nl-psicologia.com\/wp-content\/uploads\/2026\/02\/image-24-150x150.png 150w\" sizes=\"auto, (max-width: 512px) 100vw, 512px\" \/><\/a><\/figure>\n\n\n\n<p style=\"border-top-left-radius:27px;border-top-right-radius:27px;border-bottom-left-radius:27px;border-bottom-right-radius:27px;margin-top:var(--wp--preset--spacing--small);margin-right:var(--wp--preset--spacing--xx-small);margin-bottom:var(--wp--preset--spacing--small);margin-left:var(--wp--preset--spacing--xx-small)\"><\/p>\n\n\n\n<figure class=\"wp-block-image alignright size-medium is-resized has-custom-border\" style=\"margin-top:0;margin-bottom:0\"><img loading=\"lazy\" decoding=\"async\" width=\"300\" height=\"246\" src=\"https:\/\/nl-psicologia.com\/wp-content\/uploads\/2026\/02\/Captura-de-Pantalla-2026-02-27-a-las-22.09.06-300x246.png\" alt=\"\" class=\"wp-image-245\" style=\"border-style:none;border-width:0px;border-top-left-radius:16px;border-top-right-radius:16px;border-bottom-left-radius:16px;border-bottom-right-radius:16px;width:373px;height:auto\" srcset=\"https:\/\/nl-psicologia.com\/wp-content\/uploads\/2026\/02\/Captura-de-Pantalla-2026-02-27-a-las-22.09.06-300x246.png 300w, https:\/\/nl-psicologia.com\/wp-content\/uploads\/2026\/02\/Captura-de-Pantalla-2026-02-27-a-las-22.09.06.png 751w\" sizes=\"auto, (max-width: 300px) 100vw, 300px\" \/><\/figure>\n\n\n\n<h2 class=\"wp-block-heading has--font-size has-xx-large-font-size\"><strong>Formaci\u00f3n acad\u00e9mica<\/strong><\/h2>\n\n\n\n<p><strong>Graduada en Psicolog\u00eda<\/strong> \u2013 Universidad de Valencia<br>Menci\u00f3n en Psicolog\u00eda de la Salud.<\/p>\n\n\n\n<p><strong>M\u00e1ster Universitario en Psicolog\u00eda General Sanitaria<\/strong> \u2013 Universidad de Valencia<\/p>\n\n\n\n<p><strong>M\u00e1ster Universitario en Neuropsicolog\u00eda Cl\u00ednica<\/strong> \u2013 Universidad Internacional de Valencia (VIU)<\/p>\n\n\n\n<p><strong>Certificaci\u00f3n EMDR (Nivel I)<\/strong> \u2013 Instituto Espa\u00f1ol EMDR.<\/p>\n\n\n\n<p><strong>M\u00e1ster en Psicoterapia Integradora, Trauma y Apego (ITA)<\/strong> \u2013 Instituto Espa\u00f1ol De Psicoterapia Integradora (actualmente en curso).<\/p>\n\n\n\n<p><\/p>\n\n\n\n<p><\/p>\n\n\n\n<h2 class=\"wp-block-heading has-text-align-center has-xx-large-font-size\"><strong>Experiencia<\/strong><\/h2>\n\n\n\n<p class=\"has-text-align-center\">Mi trayectoria profesional se centra en la <strong>psicolog\u00eda sanitaria y la neuropsicolog\u00eda<\/strong>, integrando <strong>evaluaci\u00f3n y tratamiento psicol\u00f3gico y neuropsicol\u00f3gico<\/strong> con un enfoque <strong>basado en la evidencia cient\u00edfica<\/strong>. Como <strong>Psic\u00f3loga General Sanitaria y Neuropsic\u00f3loga<\/strong>, trabajo con <strong>poblaci\u00f3n adulta e infanto-juvenil<\/strong>, abordando alteraciones <strong>emocionales, conductuales y cognitivas<\/strong> de manera individualizada y respetuosa.<\/p>\n\n\n\n<p class=\"has-text-align-center\">He desarrollado <strong>intervenciones individuales y grupales en ITA PREVI \u2013 Hospital de D\u00eda<\/strong> con pacientes que presentan <strong>Trastorno L\u00edmite de la Personalidad (TLP)<\/strong> y <strong>Trastornos de la Conducta Alimentaria (TCA)<\/strong>, trabajando la <strong>regulaci\u00f3n emocional, las habilidades interpersonales y el manejo de dificultades emocionales<\/strong> dentro de equipos especializados en salud mental. Asimismo, en <strong>IVANN \u2013 Instituto Valenciano de Neurociencias<\/strong> he participado en <strong>evaluaciones cl\u00ednicas y neuropsicol\u00f3gicas<\/strong>, programas de <strong>rehabilitaci\u00f3n y estimulaci\u00f3n cognitiva<\/strong> con personas con diversos trastornos psicol\u00f3gicos y neurol\u00f3gicos.<\/p>\n\n\n\n<p class=\"has-text-align-center\">Tambi\u00e9n he desarrollado mi labor en una <strong>Asociaci\u00f3n de Parkinson<\/strong>, realizando <strong>evaluaci\u00f3n, intervenci\u00f3n neuropsicol\u00f3gica y acompa\u00f1amiento psicol\u00f3gico<\/strong> a personas de distintas edades y a sus familias, promoviendo la <strong>adaptaci\u00f3n a la enfermedad y el bienestar emocional<\/strong>.<\/p>\n\n\n\n<p class=\"has-text-align-center\">Mi experiencia en <strong>recursos humanos<\/strong>, especialmente en <strong>selecci\u00f3n de personal y gesti\u00f3n administrativa<\/strong>, aporta una perspectiva valiosa para el <strong>abordaje del estr\u00e9s laboral y el burnout<\/strong>, integrando la visi\u00f3n cl\u00ednica con la comprensi\u00f3n de las din\u00e1micas organizativas y sus impactos en el bienestar psicol\u00f3gico.<\/p>\n\n\n\n<p class=\"has-text-align-center\">Mantengo un compromiso con la <strong>formaci\u00f3n continua<\/strong>, actualmente cursando el <strong>M\u00e1ster en Psicoterapia Integradora, Trauma y Apego (ITA)<\/strong> y formada en <strong>Terapia EMDR (Nivel I)<\/strong>. Mi vocaci\u00f3n es acompa\u00f1ar a las personas en sus <strong>procesos de cambio, regulaci\u00f3n emocional y desarrollo personal<\/strong> mediante intervenciones rigurosas y adaptadas a cada necesidad.<\/p>\n\n\n\n<p class=\"has-text-align-left\" style=\"border-top-left-radius:0px;border-top-right-radius:0px;border-bottom-left-radius:0px;border-bottom-right-radius:0px;margin-top:var(--wp--preset--spacing--large);margin-right:0;margin-bottom:var(--wp--preset--spacing--large);margin-left:0\"><\/p>\n\n\n\n<p><\/p>\n\n\n\n<h2 class=\"wp-block-heading has-xx-large-font-size\">Publicaciones y Comunicaciones<\/h2>\n\n\n\n<p>Comunicaci\u00f3n en el <strong>X Congreso Iberoamericano de Psicolog\u00eda Cl\u00ednica y de la Salud (Granada, 2024)<\/strong>:<br><em>\u201cImplementaci\u00f3n en \u00e1mbito hospitalario de una APP de intervenci\u00f3n ecol\u00f3gica para mejorar la regulaci\u00f3n emocional del personal sanitario: un estudio piloto.\u201d<\/em><\/p>\n","protected":false},"excerpt":{"rendered":"<p>Luc\u00eda Toledo Saiz Psic\u00f3loga General Sanitaria &#8211; Colegiada CM03417 Tel\u00e9fono: 623 943 517 &#8211; Correo: lucia.toledo@nl-psicologia.com Formaci\u00f3n acad\u00e9mica Graduada en Psicolog\u00eda \u2013 Universidad de ValenciaMenci\u00f3n en Psicolog\u00eda de la Salud. M\u00e1ster Universitario en Psicolog\u00eda General Sanitaria \u2013 Universidad de Valencia M\u00e1ster Universitario en Neuropsicolog\u00eda Cl\u00ednica \u2013 Universidad Internacional de Valencia (VIU) Certificaci\u00f3n EMDR (Nivel I) [&hellip;]<\/p>\n","protected":false},"author":2,"featured_media":0,"parent":0,"menu_order":0,"comment_status":"closed","ping_status":"closed","template":"","meta":{"footnotes":""},"class_list":["post-42","page","type-page","status-publish","hentry"],"_links":{"self":[{"href":"https:\/\/nl-psicologia.com\/index.php\/wp-json\/wp\/v2\/pages\/42","targetHints":{"allow":["GET"]}}],"collection":[{"href":"https:\/\/nl-psicologia.com\/index.php\/wp-json\/wp\/v2\/pages"}],"about":[{"href":"https:\/\/nl-psicologia.com\/index.php\/wp-json\/wp\/v2\/types\/page"}],"author":[{"embeddable":true,"href":"https:\/\/nl-psicologia.com\/index.php\/wp-json\/wp\/v2\/users\/2"}],"replies":[{"embeddable":true,"href":"https:\/\/nl-psicologia.com\/index.php\/wp-json\/wp\/v2\/comments?post=42"}],"version-history":[{"count":6,"href":"https:\/\/nl-psicologia.com\/index.php\/wp-json\/wp\/v2\/pages\/42\/revisions"}],"predecessor-version":[{"id":430,"href":"https:\/\/nl-psicologia.com\/index.php\/wp-json\/wp\/v2\/pages\/42\/revisions\/430"}],"wp:attachment":[{"href":"https:\/\/nl-psicologia.com\/index.php\/wp-json\/wp\/v2\/media?parent=42"}],"curies":[{"name":"wp","href":"https:\/\/api.w.org\/{rel}","templated":true}]}}