{"id":55,"date":"2026-02-22T23:30:45","date_gmt":"2026-02-22T22:30:45","guid":{"rendered":"https:\/\/nl-psicologia.com\/?page_id=55"},"modified":"2026-03-11T15:05:56","modified_gmt":"2026-03-11T14:05:56","slug":"noelia-giron-moya-2","status":"publish","type":"page","link":"https:\/\/nl-psicologia.com\/index.php\/noelia-giron-moya-2\/","title":{"rendered":"Noelia Gir\u00f3n Moya"},"content":{"rendered":"\n<p><\/p>\n\n\n\n<p><\/p>\n\n\n\n<p class=\"has-text-align-center has-xxx-large-font-size\"><strong>Noelia Gir\u00f3n Moya<\/strong><\/p>\n\n\n\n<p class=\"has-text-align-center has-large-font-size\">Psic\u00f3loga General Sanitaria &#8211; Colegiada CM03205<\/p>\n\n\n\n<p class=\"has-text-align-center has-large-font-size\">Tel\u00e9fono: <a href=\"tel:667483978\">667 483 978<\/a> &#8211; Correo: <a href=\"mailto:noelia.giron@nl-psicologia.com\">noelia.giron@nl-psicologia.com<\/a><\/p>\n\n\n\n<figure class=\"wp-block-image aligncenter size-full is-resized\"><a href=\"https:\/\/www.linkedin.com\/in\/noelia-gm-b28a79310\/\"><img loading=\"lazy\" decoding=\"async\" width=\"512\" height=\"512\" src=\"https:\/\/nl-psicologia.com\/wp-content\/uploads\/2026\/02\/image-26.png\" alt=\"\" class=\"wp-image-295\" style=\"width:43px\" srcset=\"https:\/\/nl-psicologia.com\/wp-content\/uploads\/2026\/02\/image-26.png 512w, https:\/\/nl-psicologia.com\/wp-content\/uploads\/2026\/02\/image-26-300x300.png 300w, https:\/\/nl-psicologia.com\/wp-content\/uploads\/2026\/02\/image-26-150x150.png 150w\" sizes=\"auto, (max-width: 512px) 100vw, 512px\" \/><\/a><\/figure>\n\n\n\n<figure class=\"wp-block-image alignright size-full is-resized has-custom-border\"><img loading=\"lazy\" decoding=\"async\" width=\"1955\" height=\"2560\" src=\"https:\/\/nl-psicologia.com\/wp-content\/uploads\/2026\/02\/IMG_1214-1-scaled.jpeg\" alt=\"\" class=\"wp-image-247\" style=\"border-top-left-radius:19px;border-top-right-radius:19px;border-bottom-left-radius:19px;border-bottom-right-radius:19px;aspect-ratio:0.7636983521389723;width:409px;height:auto\" srcset=\"https:\/\/nl-psicologia.com\/wp-content\/uploads\/2026\/02\/IMG_1214-1-scaled.jpeg 1955w, https:\/\/nl-psicologia.com\/wp-content\/uploads\/2026\/02\/IMG_1214-1-229x300.jpeg 229w, https:\/\/nl-psicologia.com\/wp-content\/uploads\/2026\/02\/IMG_1214-1-782x1024.jpeg 782w, https:\/\/nl-psicologia.com\/wp-content\/uploads\/2026\/02\/IMG_1214-1-768x1006.jpeg 768w, https:\/\/nl-psicologia.com\/wp-content\/uploads\/2026\/02\/IMG_1214-1-1173x1536.jpeg 1173w, https:\/\/nl-psicologia.com\/wp-content\/uploads\/2026\/02\/IMG_1214-1-1564x2048.jpeg 1564w\" sizes=\"auto, (max-width: 1955px) 100vw, 1955px\" \/><\/figure>\n\n\n\n<p class=\"has-xx-large-font-size\"><strong>Formaci\u00f3n acad\u00e9mica<\/strong><\/p>\n\n\n\n<p><strong>Graduada en Psicolog\u00eda<\/strong> \u2013 Universidad de Valencia<\/p>\n\n\n\n<p><strong>M\u00e1ster en Intervenci\u00f3n Psicol\u00f3gica en \u00c1mbitos Sociales<\/strong> \u2013 Universidad de Valencia<\/p>\n\n\n\n<p><strong>M\u00e1ster en Psicolog\u00eda General Sanitaria<\/strong> \u2013 Universidad de Valencia<\/p>\n\n\n\n<p><strong>M\u00e1ster Propio en Neuropsicolog\u00eda Cl\u00ednica<\/strong> \u2013 Universidad de Valencia<\/p>\n\n\n\n<p><strong>Certificaci\u00f3n EMDR Nivel I<\/strong> \u2013 Asociaci\u00f3n EMDR Espa\u00f1a&nbsp;<\/p>\n\n\n\n<p><strong>Experto en Psicoterapia Integradora, Trauma y Apego con EMDR <\/strong>&#8211; Instituto Espa\u00f1ol de Psicoterapia Integradora (actualmente en curso)<\/p>\n\n\n\n<p><\/p>\n\n\n\n<p><\/p>\n\n\n\n<p><\/p>\n\n\n\n<p><\/p>\n\n\n\n<p><\/p>\n\n\n\n<p><\/p>\n\n\n\n<p>         <strong>Formaci\u00f3n complementaria<\/strong>:<\/p>\n\n\n\n<p>&#8211; <strong>\u00c1rea infanto-juvenil:<\/strong> Trastornos del Espectro Autista (TEA), Trastorno por D\u00e9ficit de Atenci\u00f3n con Hiperactividad (TDAH), altas capacidades, atenci\u00f3n temprana y problemas de conducta.&nbsp;<\/p>\n\n\n\n<p>&#8211; <strong>\u00c1rea neuropsicol\u00f3gica:<\/strong> enfermedad de Parkinson y demencias.&nbsp;<\/p>\n\n\n\n<p>&#8211; <strong>Trastornos y dificultades emocionales:<\/strong> depresi\u00f3n, ansiedad y procesos de duelo.<\/p>\n\n\n\n<p>&#8211; <strong>Trastornos mentales complejos:<\/strong> Trastorno Bipolar, Trastorno L\u00edmite de la Personalidad (TLP) y Trastorno Obsesivo Compulsivo (TOC).&nbsp;<\/p>\n\n\n\n<p><\/p>\n\n\n\n<p class=\"has-text-align-center has-xx-large-font-size\"><strong>Experiencia<\/strong><\/p>\n\n\n\n<p class=\"has-text-align-center\">Mi trayectoria profesional combina la pr\u00e1ctica cl\u00ednica con la intervenci\u00f3n psicosocial y comunitaria. Desde el inicio de mi carrera he sentido un especial inter\u00e9s por el trabajo con poblaciones vulnerables y por el acompa\u00f1amiento psicol\u00f3gico en diferentes etapas de la vida.&nbsp;<\/p>\n\n\n\n<p class=\"has-text-align-center\">He trabajado como <strong>psic\u00f3loga infanto-juvenil en cl\u00ednica privada y en una asociaci\u00f3n especializada en TDAH<\/strong>, acompa\u00f1ando a ni\u00f1os, adolescentes y sus familias en dificultades emocionales, conductuales y del desarrollo, ofreciendo un espacio de apoyo y orientaci\u00f3n adaptado a las necesidades de cada caso.&nbsp;<\/p>\n\n\n\n<p class=\"has-text-align-center\">Adem\u00e1s, he desarrollado mi labor en otras entidades y asociaciones, como <strong>Asociaciones de Parkinson, AMIAB y AFAEPS,<\/strong> donde he trabajado con <strong>personas con enfermedad mental, adultos mayores y pacientes con afecciones neurol\u00f3gicas y neurodegenerativas. <\/strong>En estos contextos he llevado a cabo intervenciones psicol\u00f3gicas orientadas a mejorar el bienestar emocional, la adaptaci\u00f3n a la enfermedad y la calidad de vida de las personas atendidas.&nbsp;<\/p>\n\n\n\n<p class=\"has-text-align-center\">Parte de mi trabajo tambi\u00e9n ha consistido en <strong>acompa\u00f1ar a familiares en sus procesos de adaptaci\u00f3n,<\/strong> ofreciendo orientaci\u00f3n y apoyo emocional, as\u00ed como en <strong>colaborar en la formaci\u00f3n y el acompa\u00f1amiento de profesionales del \u00e1mbito sociosanitario<\/strong>, contribuyendo a mejorar la atenci\u00f3n y los recursos disponibles.&nbsp;<\/p>\n\n\n\n<p class=\"has-text-align-center\">Mi vocaci\u00f3n es acompa\u00f1ar a cada persona en su proceso de cambio y crecimiento personal desde una <strong>mirada integradora, respetuosa y actualizada<\/strong>, manteniendo un compromiso constante con la <strong>formaci\u00f3n continua y la calidad en la atenci\u00f3n psicol\u00f3gica.&nbsp;<\/strong><\/p>\n\n\n\n<p><\/p>\n","protected":false},"excerpt":{"rendered":"<p>Noelia Gir\u00f3n Moya Psic\u00f3loga General Sanitaria &#8211; Colegiada CM03205 Tel\u00e9fono: 667 483 978 &#8211; Correo: noelia.giron@nl-psicologia.com Formaci\u00f3n acad\u00e9mica Graduada en Psicolog\u00eda \u2013 Universidad de Valencia M\u00e1ster en Intervenci\u00f3n Psicol\u00f3gica en \u00c1mbitos Sociales \u2013 Universidad de Valencia M\u00e1ster en Psicolog\u00eda General Sanitaria \u2013 Universidad de Valencia M\u00e1ster Propio en Neuropsicolog\u00eda Cl\u00ednica \u2013 Universidad de Valencia Certificaci\u00f3n [&hellip;]<\/p>\n","protected":false},"author":2,"featured_media":0,"parent":0,"menu_order":0,"comment_status":"closed","ping_status":"closed","template":"","meta":{"footnotes":""},"class_list":["post-55","page","type-page","status-publish","hentry"],"_links":{"self":[{"href":"https:\/\/nl-psicologia.com\/index.php\/wp-json\/wp\/v2\/pages\/55","targetHints":{"allow":["GET"]}}],"collection":[{"href":"https:\/\/nl-psicologia.com\/index.php\/wp-json\/wp\/v2\/pages"}],"about":[{"href":"https:\/\/nl-psicologia.com\/index.php\/wp-json\/wp\/v2\/types\/page"}],"author":[{"embeddable":true,"href":"https:\/\/nl-psicologia.com\/index.php\/wp-json\/wp\/v2\/users\/2"}],"replies":[{"embeddable":true,"href":"https:\/\/nl-psicologia.com\/index.php\/wp-json\/wp\/v2\/comments?post=55"}],"version-history":[{"count":6,"href":"https:\/\/nl-psicologia.com\/index.php\/wp-json\/wp\/v2\/pages\/55\/revisions"}],"predecessor-version":[{"id":411,"href":"https:\/\/nl-psicologia.com\/index.php\/wp-json\/wp\/v2\/pages\/55\/revisions\/411"}],"wp:attachment":[{"href":"https:\/\/nl-psicologia.com\/index.php\/wp-json\/wp\/v2\/media?parent=55"}],"curies":[{"name":"wp","href":"https:\/\/api.w.org\/{rel}","templated":true}]}}